{"id":450,"date":"2020-09-27T10:54:18","date_gmt":"2020-09-27T08:54:18","guid":{"rendered":"http:\/\/duodecim.info\/grandeur_nature\/?page_id=450"},"modified":"2021-10-02T11:12:19","modified_gmt":"2021-10-02T09:12:19","slug":"photos-chant-i-2019","status":"publish","type":"page","link":"https:\/\/duodecim.info\/grandeur_nature\/photos-chant-i-2019\/","title":{"rendered":"Photos Chant I (2019)"},"content":{"rendered":"<p><\/p>\r\n<p><img loading=\"lazy\" class=\"alignnone size-full wp-image-516\" src=\"http:\/\/duodecim.info\/grandeur_nature\/wp-content\/uploads\/2020\/10\/bann-finale.png\" alt=\"Banni\u00e8re Chant1\" width=\"851\" height=\"315\" srcset=\"https:\/\/duodecim.info\/grandeur_nature\/wp-content\/uploads\/2020\/10\/bann-finale.png 851w, https:\/\/duodecim.info\/grandeur_nature\/wp-content\/uploads\/2020\/10\/bann-finale-300x111.png 300w, https:\/\/duodecim.info\/grandeur_nature\/wp-content\/uploads\/2020\/10\/bann-finale-768x284.png 768w\" sizes=\"(max-width: 851px) 100vw, 851px\" \/><\/p>\r\n<p>Vous trouverez sur le site commercial l&rsquo;album entier de Laureen pour le chant I des chroniques de l&rsquo;Ile-Monde. Vous pouvez y commander et imprimer des tirages papier. (cliquez sur l&rsquo;image pour y acc\u00e9der)<\/p>\r\n\r\n\r\n\r\n<p>Mais surtout, vous pourrez t\u00e9l\u00e9charger gratuitement l&rsquo;ensemble des photos d&rsquo;un seul clic. Pour cela rendez-vous tout en bas de la page du site. Il y a un tout petit lien.<\/p>\r\n<p>Mise\u00a0 \u00e0 jour 2021 : le lien commercial n&rsquo;est plus disponible, mais vous pouvez retrouver un zip avec toutes les photos <a href=\"https:\/\/duodecim.info\/grandeur_nature\/wp-content\/uploads\/2019\/09\/CHANT1.zip\" target=\"_blank\" rel=\"noopener noreferrer\">ici<\/a><\/p>\r\n<p>&nbsp;<\/p>\r\n\r\n\r\n\r\n<figure class=\"wp-block-image size-large\"><a href=\"https:\/\/www.jingoo.com\/client\/key\/436a6d\/295a0ae1\/\"><img loading=\"lazy\" width=\"939\" height=\"938\" class=\"wp-image-451\" src=\"https:\/\/duodecim.info\/grandeur_nature\/wp-content\/uploads\/2020\/09\/pagegardephoto.jpg\" alt=\"\" srcset=\"https:\/\/duodecim.info\/grandeur_nature\/wp-content\/uploads\/2020\/09\/pagegardephoto.jpg 939w, https:\/\/duodecim.info\/grandeur_nature\/wp-content\/uploads\/2020\/09\/pagegardephoto-300x300.jpg 300w, https:\/\/duodecim.info\/grandeur_nature\/wp-content\/uploads\/2020\/09\/pagegardephoto-150x150.jpg 150w, https:\/\/duodecim.info\/grandeur_nature\/wp-content\/uploads\/2020\/09\/pagegardephoto-768x767.jpg 768w\" sizes=\"(max-width: 939px) 100vw, 939px\" \/><\/a><\/figure>\r\n","protected":false},"excerpt":{"rendered":"<p>Vous trouverez sur le site commercial l&rsquo;album entier de Laureen pour le chant I des chroniques de l&rsquo;Ile-Monde. Vous pouvez y commander et imprimer des tirages papier. (cliquez sur l&rsquo;image pour y acc\u00e9der) Mais surtout, vous pourrez t\u00e9l\u00e9charger gratuitement l&rsquo;ensemble des photos d&rsquo;un seul clic. Pour cela rendez-vous tout en<\/p>\n","protected":false},"author":1,"featured_media":0,"parent":0,"menu_order":0,"comment_status":"closed","ping_status":"closed","template":"","meta":[],"_links":{"self":[{"href":"https:\/\/duodecim.info\/grandeur_nature\/wp-json\/wp\/v2\/pages\/450"}],"collection":[{"href":"https:\/\/duodecim.info\/grandeur_nature\/wp-json\/wp\/v2\/pages"}],"about":[{"href":"https:\/\/duodecim.info\/grandeur_nature\/wp-json\/wp\/v2\/types\/page"}],"author":[{"embeddable":true,"href":"https:\/\/duodecim.info\/grandeur_nature\/wp-json\/wp\/v2\/users\/1"}],"replies":[{"embeddable":true,"href":"https:\/\/duodecim.info\/grandeur_nature\/wp-json\/wp\/v2\/comments?post=450"}],"version-history":[{"count":7,"href":"https:\/\/duodecim.info\/grandeur_nature\/wp-json\/wp\/v2\/pages\/450\/revisions"}],"predecessor-version":[{"id":578,"href":"https:\/\/duodecim.info\/grandeur_nature\/wp-json\/wp\/v2\/pages\/450\/revisions\/578"}],"wp:attachment":[{"href":"https:\/\/duodecim.info\/grandeur_nature\/wp-json\/wp\/v2\/media?parent=450"}],"curies":[{"name":"wp","href":"https:\/\/api.w.org\/{rel}","templated":true}]}}