{"id":432,"date":"2020-04-15T19:21:07","date_gmt":"2020-04-15T17:21:07","guid":{"rendered":"http:\/\/duodecim.info\/grandeur_nature\/?page_id=432"},"modified":"2020-04-15T19:21:08","modified_gmt":"2020-04-15T17:21:08","slug":"faq","status":"publish","type":"page","link":"https:\/\/duodecim.info\/grandeur_nature\/faq\/","title":{"rendered":"FAQ"},"content":{"rendered":"\n<p class=\"has-medium-font-size\"><strong>FAQ 2 du 03\/02\/2020<\/strong><\/p>\n\n\n\n<p><strong><span style=\"color: #297291;\">Est-ce un GN de \u00ab\u00a0factions\u00a0\u00bb ?<\/span><\/strong><\/p>\n\n\n\n<p style=\"text-align: justify;\"><span style=\"font-weight: 400;\">Le Lai d&rsquo;Avalon propose bien en effet d&rsquo;incarner un personnage appartenant \u00e0 un groupe parmi trois (Royaume d&rsquo;Albion, Empire S\u00e9f\u00e9vide, Khanat Moghol).<\/span><\/p>\n<p style=\"text-align: justify;\"><span style=\"font-weight: 400;\">Pour autant ce n&rsquo;est pas un jeu de guerre ouverte entre ces trois groupes, m\u00eame si la situation de d\u00e9part est tendue et l&rsquo;\u00e9quilibre initial&#8230; pr\u00e9caire.<\/span><\/p>\n<p style=\"text-align: justify;\"><span style=\"font-weight: 400;\">Par ailleurs, le focus est port\u00e9 sur les individus et leurs relations au sein ET en dehors de leur groupe, plus que sur les groupes eux-m\u00eames.<\/span><\/p>\n<p style=\"text-align: justify;\"><span style=\"font-weight: 400;\">Attendez-vous \u00e0 des oppositions, certes, mais attention, le coup ne viendra pas toujours du camp d&rsquo;en face&#8230; Et rappelez vous qu&rsquo;une langue ac\u00e9r\u00e9e ou un billet rendu public peut parfois faire plus de ravages qu&rsquo;une rapi\u00e8re.<\/span><\/p>\n\n\n\n<div class=\"wp-block-image\"><figure class=\"aligncenter size-large\"><img src=\"https:\/\/scontent-cdg2-1.xx.fbcdn.net\/v\/t1.0-9\/83940783_498610620858503_2870599975635517440_o.jpg?_nc_cat=100&amp;_nc_sid=a610ef&amp;_nc_ohc=zIbNK8P0XnIAX-5v0CZ&amp;_nc_ht=scontent-cdg2-1.xx&amp;oh=5c5c9a91343b53e0da5b59a90f9a9d3f&amp;oe=5EBD4676\" alt=\"\"\/><\/figure><\/div>\n\n\n\n<figure class=\"wp-block-image size-large\"><img loading=\"lazy\" width=\"600\" height=\"30\" src=\"http:\/\/duodecim.info\/grandeur_nature\/wp-content\/uploads\/2020\/04\/separateur.png\" alt=\"\" class=\"wp-image-424\" srcset=\"https:\/\/duodecim.info\/grandeur_nature\/wp-content\/uploads\/2020\/04\/separateur.png 600w, https:\/\/duodecim.info\/grandeur_nature\/wp-content\/uploads\/2020\/04\/separateur-300x15.png 300w\" sizes=\"(max-width: 600px) 100vw, 600px\" \/><\/figure>\n\n\n\n<p class=\"has-medium-font-size\"><strong>FAQ 1 du 20\/01\/2020<\/strong><\/p>\n\n\n\n<p><strong><span style=\"color: #297291;\">Comment sont cr\u00e9\u00e9s les personnages \u00a0?<\/span><\/strong><\/p>\n\n\n\n<p style=\"text-align: justify;\"><span style=\"font-weight: 400;\">Bonjour \u00e0 tous, vous avez d&rsquo;ores et d\u00e9j\u00e0 de nombreuses questions sur le Lai d&rsquo;Avalon, notre GN 2020. Nous r\u00e9pondrons aux questions les plus fr\u00e9quentes sur Facebook pour \u00e9clairer un peu vos lanternes !<\/span><\/p>\n<p style=\"text-align: justify;\"><span style=\"font-weight: 400;\">Et pour commencer, une premi\u00e8re question \u00ab\u00a0Comment sont cr\u00e9\u00e9s les personnages ?\u00a0\u00bb.<\/span><\/p>\n<p style=\"text-align: justify;\"><span style=\"font-weight: 400;\">Pour notre GN, nous avons fait le choix (comme l&rsquo;an dernier sur le Dernier Comptoir) de cr\u00e9er et r\u00e9diger les personnages enti\u00e8rement au sein de l&rsquo;\u00e9quipe sc\u00e9nario, sans vous \u00ab\u00a0laisser la main\u00a0\u00bb. C&rsquo;est donc en quelque sorte un GN sur \u00ab\u00a0casting\u00a0\u00bb. Vous n&rsquo;avez pas \u00e0 choisir de classe de personnage, de comp\u00e9tences ou m\u00eame de faction. Nous vous fournirons une fiche de personnage d\u00e9taill\u00e9e (tant pour son histoire, ses motivations, sa psychologie, que pour ses comp\u00e9tences ou son inventaire).<\/span><\/p>\n<p style=\"text-align: justify;\"><span style=\"font-weight: 400;\">L&rsquo;\u00e9criture de ces personnages est r\u00e9alis\u00e9e par l&rsquo;\u00e9quipe sc\u00e9nario, et prend en compte nos id\u00e9es, les besoins du sc\u00e9nario bien s\u00fbr, mais aussi tous les commentaires que vous nous laissez au moment de l&rsquo;inscription. Nous veillerons \u00e0 respecter strictement vos souhaits pour la partie \u00ab\u00a0ce que je ne veux pas faire \u00e0 ce gn\u00a0\u00bb et \u00e0 prendre en compte le plus possible vos souhaits de jeu ainsi que vos autres r\u00e9ponses au questionnaire.<\/span><\/p>\n<p style=\"text-align: justify;\"><span style=\"font-weight: 400;\">Vos personnages vous seront pr\u00e9sent\u00e9s en deux temps. D\u00e8s que possible nous vous contacterons pour vous en donner les tr\u00e8s grandes lignes pour vous permettre de commencer \u00e0 travailler votre costume et v\u00e9rifier que la tonalit\u00e9 du personnage vous convient. Puis dans un second temps vous recevrez par mail la fiche compl\u00e8te, avec comp\u00e9tences, historique, relations, etc. Et nous esp\u00e9rons vous surprendre agr\u00e9ablement en vous offrant des personnages int\u00e9ressants \u00e0 interpr\u00e9ter, bien ancr\u00e9s dans leur monde et avec des objectifs passionnants.<\/span><\/p>\n<p style=\"text-align: justify;\"><span style=\"font-weight: 400;\">C&rsquo;est tout pour aujourd&rsquo;hui, n&rsquo;h\u00e9sitez pas \u00e0 nous transmettre vos questions sur discord (<\/span><a href=\"https:\/\/l.facebook.com\/l.php?u=https%3A%2F%2Fdiscord.gg%2FJ8Fdk6z%3Ffbclid%3DIwAR2GyFi_-F_aoPtpHOsmAKH0gByQRhjhEBApJ8l1_TDpzwdiq62GgF_agsQ&amp;h=AT3W5w7AHtzlSFxfeYzUqhvre1B2UuvUF4k9sP4kjKDb5Qq1Wui1luGhULD05hvRTQ1LFb7a74J1yBBpGoaktQtQ06C6zZ-EFHQ_mQ_OtQqCoeMUrrSzQxUGo--yN0St0IugY6Iv2gIGiKPOEshK&amp;__tn__=-UK-R&amp;c[0]=AT0xl8MFyKneIgFVhju5VDHvjiq1XIVZpoM_95SMP-VupM-yycmqqHVUgXyylFZjPncYuFZM9xZ-5dGwn3RG-8_FCblogV0jedg1iuSuBZilcSQmUhuk4tUgt5yfjNYNuvswZa4AJDJHxeqajvnET4XEvovgwjAm6aJMB40Zm_JzYXFR\"><span style=\"font-weight: 400;\">https:\/\/discord.gg\/J8Fdk6z<\/span><\/a><span style=\"font-weight: 400;\">) ou via facebook pour la prochaine faq !<\/span><\/p>\n\n\n\n<div class=\"wp-block-image\"><figure class=\"aligncenter size-large\"><img src=\"https:\/\/scontent-cdt1-1.xx.fbcdn.net\/v\/t1.0-9\/83079533_490632931656272_5407102640112795648_n.jpg?_nc_cat=101&amp;_nc_sid=a610ef&amp;_nc_ohc=ibN-ZcZmnVwAX95-YPI&amp;_nc_ht=scontent-cdt1-1.xx&amp;oh=5faa729e43b22e9970b046c239061700&amp;oe=5EBC6577\" alt=\"\"\/><\/figure><\/div>\n","protected":false},"excerpt":{"rendered":"<p>FAQ 2 du 03\/02\/2020 Est-ce un GN de \u00ab\u00a0factions\u00a0\u00bb ? Le Lai d&rsquo;Avalon propose bien en effet d&rsquo;incarner un personnage appartenant \u00e0 un groupe parmi trois (Royaume d&rsquo;Albion, Empire S\u00e9f\u00e9vide, Khanat Moghol). Pour autant ce n&rsquo;est pas un jeu de guerre ouverte entre ces trois groupes, m\u00eame si la situation<\/p>\n","protected":false},"author":1,"featured_media":0,"parent":0,"menu_order":0,"comment_status":"closed","ping_status":"closed","template":"","meta":[],"_links":{"self":[{"href":"https:\/\/duodecim.info\/grandeur_nature\/wp-json\/wp\/v2\/pages\/432"}],"collection":[{"href":"https:\/\/duodecim.info\/grandeur_nature\/wp-json\/wp\/v2\/pages"}],"about":[{"href":"https:\/\/duodecim.info\/grandeur_nature\/wp-json\/wp\/v2\/types\/page"}],"author":[{"embeddable":true,"href":"https:\/\/duodecim.info\/grandeur_nature\/wp-json\/wp\/v2\/users\/1"}],"replies":[{"embeddable":true,"href":"https:\/\/duodecim.info\/grandeur_nature\/wp-json\/wp\/v2\/comments?post=432"}],"version-history":[{"count":5,"href":"https:\/\/duodecim.info\/grandeur_nature\/wp-json\/wp\/v2\/pages\/432\/revisions"}],"predecessor-version":[{"id":439,"href":"https:\/\/duodecim.info\/grandeur_nature\/wp-json\/wp\/v2\/pages\/432\/revisions\/439"}],"wp:attachment":[{"href":"https:\/\/duodecim.info\/grandeur_nature\/wp-json\/wp\/v2\/media?parent=432"}],"curies":[{"name":"wp","href":"https:\/\/api.w.org\/{rel}","templated":true}]}}