{"id":197,"date":"2018-12-30T11:32:51","date_gmt":"2018-12-30T10:32:51","guid":{"rendered":"http:\/\/duodecim.info\/grandeur_nature\/?page_id=197"},"modified":"2019-01-08T18:56:27","modified_gmt":"2019-01-08T17:56:27","slug":"les-genoires","status":"publish","type":"page","link":"https:\/\/duodecim.info\/grandeur_nature\/les-genoires\/","title":{"rendered":"Les G\u00e9noires"},"content":{"rendered":"\n<p class=\"has-drop-cap\" align=\"justify\">Grande f\u00fbt la r\u00e9publique de G\u00eanes, mais non moins spectaculaire fut sa descente aux enfers quand ses marchands ramen\u00e8rent la Peste Noire de Crim\u00e9e il y a presque deux si\u00e8cles. Trop occup\u00e9s par leur guerre avec Pise et Venise, les G\u00e9nois tard\u00e8rent \u00e0 prendre la mesure de l&rsquo;\u00e9pid\u00e9mie qui allait ravager toute l\u2019Europe.<\/p>\n\n\n\n<p align=\"justify\">G\u00eanes est tomb\u00e9e, de m\u00eame que les autres grandes cit\u00e9s marchandes. Seuls les familles qui eurent la pr\u00e9sence d\u2019esprit d\u2019embarquer rapidement en mer pour des contr\u00e9es moins expos\u00e9es purent s\u2019en sortir mais en laissant leur fortune derri\u00e8re eux. De toute fa\u00e7on, l\u2019or cela ne se mange pas.<\/p>\n\n\n\n<p align=\"justify\">Vous \u00eates les descendants de ces familles dont vous vous targuez d\u2019\u00eatre les h\u00e9ritiers, allant jusqu&rsquo;\u00e0 patiner de noblesse les roturiers qu\u2019\u00e9taient vos anc\u00eatres marchands. Est-ce par fatuit\u00e9 ou d\u00e9ni, mais vous ne semblez pas pr\u00eater attention au fait que les gens ne vous surnomment plus que les \u201cG\u00e9noires\u201d, les G\u00e9nois de la Peste Noire. Vous n\u2019\u00eates gu\u00e8re appr\u00e9ci\u00e9, tant pour ce passif que pour vos actuelles habitudes vaines. Quand bien m\u00eame la situation n\u2019est gu\u00e8re reluisante pour personne, vous conservez cette passion pour votre gloire perdue en d\u00e9pit de ce que les autres appellent le bon sens. Vos tenues par exemple sont des h\u00e9ritages directs des somptueux v\u00eatements de vos arri\u00e8res, arri\u00e8res, arri\u00e8res grands parents mais dont les soies sont depuis longtemps d\u00e9color\u00e9es, les ors ternis et les taffetas cro\u00fbt\u00e9s d\u2019un sel s\u00e9culaire. Vous pr\u00eatez encore attention \u00e0 des choses d\u00e9sormais sans valeur que vous accumulez tel des pies.<\/p>\n\n\n\n<p align=\"justify\">Marchands un jour, marchands toujours, vous avez non sans mal continu\u00e9 vos habitudes, ne produisant absolument rien mais profitant des al\u00e9as des march\u00e9s d\u2019un port \u00e0 l\u2019autre pour faire tout juste assez de b\u00e9n\u00e9fices pour vos besoins vitaux; et ce, en exportant notamment des ressources vari\u00e9es tr\u00e8s locales mais lointaines vers ce qui pouvait rester de fiefs exigeant en mati\u00e8re de vari\u00e9t\u00e9 et de besoins.<\/p>\n\n\n\n<p align=\"justify\">Mais cette vie de gagne-petit vous mine. Vous \u00e9tiez, du moins vos anc\u00eatres, des gens puissants et respect\u00e9s, des gens incontournables, et vous aspirez \u00e0 retrouver cette belle vie. Surtout depuis que vous avez entendu \u00e0 plusieurs reprises ses informations sur l\u2019Orient et ses promesses. Vous n\u2019y avez pas pr\u00eat\u00e9 plus d\u2019attention qu\u2019\u00e0 des mythes d\u2019ivrognes au d\u00e9but, mais ses r\u00e9cits sont revenus bien trop souvent pour que vous puissiez les ignorer.<\/p>\n\n\n\n<p align=\"justify\">Vous embarquez sur votre tr\u00e8s ancienne Gal\u00e9asse, votre plus pr\u00e9cieux h\u00e9ritage, chasser vous aussi ce mirage.<\/p>\n\n\n\n<p style=\"text-align:center\"><a rel=\"noreferrer noopener\" aria-label=\" (s\u2019ouvre dans un nouvel onglet)\" href=\"https:\/\/www.pinterest.fr\/gnduodecim\/le-dernier-comptoir-les-g%C3%A9noires\/\" target=\"_blank\"><strong>Voir dans Pinterest<\/strong><\/a><\/p>\n\n\n<p>[fts_pinterest type=single_board_pins pinterest_name=gnduodecim board_id=le-dernier-comptoir-les-g%C3%A9noires pins_count=15]<\/p>\n","protected":false},"excerpt":{"rendered":"<p>Grande f\u00fbt la r\u00e9publique de G\u00eanes, mais non moins spectaculaire fut sa descente aux enfers quand ses marchands ramen\u00e8rent la Peste Noire de Crim\u00e9e il y a presque deux si\u00e8cles. Trop occup\u00e9s par leur guerre avec Pise et Venise, les G\u00e9nois tard\u00e8rent \u00e0 prendre la mesure de l&rsquo;\u00e9pid\u00e9mie qui allait<\/p>\n","protected":false},"author":1,"featured_media":0,"parent":0,"menu_order":0,"comment_status":"closed","ping_status":"closed","template":"","meta":[],"_links":{"self":[{"href":"https:\/\/duodecim.info\/grandeur_nature\/wp-json\/wp\/v2\/pages\/197"}],"collection":[{"href":"https:\/\/duodecim.info\/grandeur_nature\/wp-json\/wp\/v2\/pages"}],"about":[{"href":"https:\/\/duodecim.info\/grandeur_nature\/wp-json\/wp\/v2\/types\/page"}],"author":[{"embeddable":true,"href":"https:\/\/duodecim.info\/grandeur_nature\/wp-json\/wp\/v2\/users\/1"}],"replies":[{"embeddable":true,"href":"https:\/\/duodecim.info\/grandeur_nature\/wp-json\/wp\/v2\/comments?post=197"}],"version-history":[{"count":1,"href":"https:\/\/duodecim.info\/grandeur_nature\/wp-json\/wp\/v2\/pages\/197\/revisions"}],"predecessor-version":[{"id":198,"href":"https:\/\/duodecim.info\/grandeur_nature\/wp-json\/wp\/v2\/pages\/197\/revisions\/198"}],"wp:attachment":[{"href":"https:\/\/duodecim.info\/grandeur_nature\/wp-json\/wp\/v2\/media?parent=197"}],"curies":[{"name":"wp","href":"https:\/\/api.w.org\/{rel}","templated":true}]}}