{"id":195,"date":"2018-12-30T10:51:44","date_gmt":"2018-12-30T09:51:44","guid":{"rendered":"http:\/\/duodecim.info\/grandeur_nature\/?page_id=195"},"modified":"2019-01-08T18:57:44","modified_gmt":"2019-01-08T17:57:44","slug":"les-kel-tamasheq","status":"publish","type":"page","link":"https:\/\/duodecim.info\/grandeur_nature\/les-kel-tamasheq\/","title":{"rendered":"Les Kel Tamasheq"},"content":{"rendered":"\n<p class=\"has-drop-cap\" align=\"justify\">Lorsque que l\u2019on voyage dans les \u00e9tendues les plus d\u00e9sertiques, il n\u2019est pas rare de loin en loin d\u2019apercevoir les turbans des Kel Tamasheq guettant autour de leur camp temporaire qu\u2019aucun ajnabi (\u00e9tranger) ne s\u2019en approche de trop pr\u00e8s.<\/p>\n\n\n\n<p align=\"justify\">S\u2019ils ne sont pas franchement hostiles, ces nomades du d\u00e9sert ne sont pas hospitaliers pour autant et pr\u00e9f\u00e8rent garder leur communaut\u00e9 \u00e0 l\u2019abri de tout potentiel danger, et encore plus aujourd\u2019hui quand un seul homme peut apporter avec lui LA maladie noire.<br><\/p>\n\n\n\n<p align=\"justify\">Nomades, ils n\u2019ont jamais d\u00e9velopp\u00e9 une quelconque forme d\u2019agriculture, mais ils furent des bergers prosp\u00e8res. Jusqu\u2019\u00e0 ce que la maladie noire ne contamine aussi leurs b\u00eates; condamnant ainsi de nombreuses tribus. Seules les plus isolationnistes ont surv\u00e9cu, se d\u00e9pla\u00e7ant uniquement dans les endroits les moins civilis\u00e9s possibles afin de trouver des p\u00e2tures que l\u2019ajnabi malade n\u2019a jamais pu approcher. Si leur mode de vie n\u2019a pas chang\u00e9 durant le mill\u00e9naire \u00e9coul\u00e9, le dernier si\u00e8cle les a forc\u00e9 \u00e0 trouver des moyens de pr\u00e9server leur sant\u00e9 tout en continuant le troc qui est la base de leur survie. Les rares personnes qui ont eu l\u2019immense honneur et privil\u00e8ge d&rsquo;acc\u00e9der \u00e0 leur camp ont ainsi racont\u00e9 que ceux-ci sont divis\u00e9 en deux. Autour de la cheffe de leur tribu sont regroup\u00e9s les femmes, enfants, bergers, artisans et toute personne qui ne sort jamais, jamais du camp gard\u00e9s aux abords par leurs guerriers au cheich int\u00e9gral. Autour de ce camp ext\u00e9rieur se situe \u201cla bordure\u201d, constitu\u00e9 des individus qui ont eu un contact avec l&rsquo;ext\u00e9rieur. Ce sont essentiellement les marchands de la tribu qui vont rencontrer d\u2019autres tribus Kel ou ajnabi, ou se rendent dans les villages pour troquer. Parfois quelques guerriers s\u2019y trouvent aussi, de ceux qui escortent les marchands.<\/p>\n\n\n\n<p align=\"justify\">Ces nomades l\u00e0 doivent rester une lune \u00e0 cette bordure, sans absolument aucun contact avec le centre. S\u2019ils ne sont pas malades pass\u00e9 cette p\u00e9riode, ils peuvent revenir dans le cercle. C\u2019est le moyen le plus efficace que les Kel Tamasheq ont trouv\u00e9 pour se prot\u00e9ger.<\/p>\n\n\n\n<p align=\"justify\">Pour l\u2019ajnabi, c\u2019est un peuple aust\u00e8re, distant et farouche. Leurs silences sont souvent pris pour du d\u00e9dain.<br><\/p>\n\n\n\n<p style=\"text-align:center\"><a rel=\"noreferrer noopener\" aria-label=\" (s\u2019ouvre dans un nouvel onglet)\" href=\"https:\/\/www.pinterest.fr\/gnduodecim\/le-dernier-comptoir-les-kel-tamasheq\/\" target=\"_blank\"><strong>Voir dans Pinterest<\/strong><\/a><\/p>\n\n\n<p>[fts_pinterest type=single_board_pins pinterest_name=gnduodecim board_id=le-dernier-comptoir-les-kel-tamasheq pins_count=15]<\/p>\n","protected":false},"excerpt":{"rendered":"<p>Lorsque que l\u2019on voyage dans les \u00e9tendues les plus d\u00e9sertiques, il n\u2019est pas rare de loin en loin d\u2019apercevoir les turbans des Kel Tamasheq guettant autour de leur camp temporaire qu\u2019aucun ajnabi (\u00e9tranger) ne s\u2019en approche de trop pr\u00e8s. S\u2019ils ne sont pas franchement hostiles, ces nomades du d\u00e9sert ne<\/p>\n","protected":false},"author":1,"featured_media":0,"parent":0,"menu_order":0,"comment_status":"closed","ping_status":"closed","template":"","meta":[],"_links":{"self":[{"href":"https:\/\/duodecim.info\/grandeur_nature\/wp-json\/wp\/v2\/pages\/195"}],"collection":[{"href":"https:\/\/duodecim.info\/grandeur_nature\/wp-json\/wp\/v2\/pages"}],"about":[{"href":"https:\/\/duodecim.info\/grandeur_nature\/wp-json\/wp\/v2\/types\/page"}],"author":[{"embeddable":true,"href":"https:\/\/duodecim.info\/grandeur_nature\/wp-json\/wp\/v2\/users\/1"}],"replies":[{"embeddable":true,"href":"https:\/\/duodecim.info\/grandeur_nature\/wp-json\/wp\/v2\/comments?post=195"}],"version-history":[{"count":1,"href":"https:\/\/duodecim.info\/grandeur_nature\/wp-json\/wp\/v2\/pages\/195\/revisions"}],"predecessor-version":[{"id":196,"href":"https:\/\/duodecim.info\/grandeur_nature\/wp-json\/wp\/v2\/pages\/195\/revisions\/196"}],"wp:attachment":[{"href":"https:\/\/duodecim.info\/grandeur_nature\/wp-json\/wp\/v2\/media?parent=195"}],"curies":[{"name":"wp","href":"https:\/\/api.w.org\/{rel}","templated":true}]}}