{"id":188,"date":"2018-12-30T10:45:56","date_gmt":"2018-12-30T09:45:56","guid":{"rendered":"http:\/\/duodecim.info\/grandeur_nature\/?page_id=188"},"modified":"2019-01-08T18:57:37","modified_gmt":"2019-01-08T17:57:37","slug":"lordre-meldevi","status":"publish","type":"page","link":"https:\/\/duodecim.info\/grandeur_nature\/lordre-meldevi\/","title":{"rendered":"L&rsquo;Ordre Meldevi"},"content":{"rendered":"\n<p class=\"has-drop-cap\" align=\"justify\">Votre ordre a \u00e9t\u00e9 cr\u00e9\u00e9 dans le plus grand secret il y a 6 si\u00e8cles au c\u0153ur du monde arabe. N\u2019\u00e9tant pas en totale ad\u00e9quation avec le dogme officiel, il est rest\u00e9 dans l\u2019ombre jusqu\u2019au XII\u00e8me si\u00e8cle , apr\u00e8s quoi votre ordre a enfin \u00e9t\u00e9 reconnu. &nbsp;Vous \u00eates ceux que l\u2019on appelle les Derviches Tourneurs, ceux qui parcourent la Voie.<\/p>\n\n\n\n<p align=\"justify\">La Voie des Derviches, comme le raconte la Silsila, la longue cha\u00eene de transmission initiatique, se dresse face aux hommes depuis l\u2019aube des temps. C\u2019est un chemin difficile o\u00f9 l\u2019homme doit se s\u00e9parer de ce qui le rattache au monde, abandonner  ses biens et sa famille et prendre la route, afin de purifier son \u00e2me et son esprit de raffiner son \u00eatre et atteindre la Perfection aupr\u00e8s d\u2019Allah.<\/p>\n\n\n\n<p align=\"justify\">Avec les affres de la faim et de la maladie qui ravagent l\u2019\u00eele monde, nombreux sont ceux qui ont souhait\u00e9 parcourir la Voie. Si son attrait et ses promesses sont enj\u00f4leuses malgr\u00e9 la r\u00e9putation des Derviches, la voie est rude. Fr\u00e9quents sont les foss\u00e9s et nombreux sont les sentiers all\u00e9chants qui s\u2019en \u00e9chappent. Les Derviches restent donc peu nombreux.<\/p>\n\n\n\n<p align=\"justify\">Les Derviches parcourent le monde depuis des si\u00e8cles. Vagabonds sur les chemins, mendiants dans les villes, ce sont cependant des hommes et des femmes aux esprits tr\u00e8s \u00e9clair\u00e9s dont les anciens des villages connaissent la sagesse et respecte les enseignements. Po\u00e8tes, les Derviches portent sur le monde un regard songeur, hors du temps, qui semble voir au del\u00e0 des souffrances de la Terre.<\/p>\n\n\n\n<p align=\"justify\">Nombreux sont ceux qui restent subjugu\u00e9s par leur danse envo\u00fbtante, la Sam\u00e2. Quand tournent les Derviches au rythme des tambours, que s\u2019\u00e9lance leur m\u00e9lop\u00e9e vers le ciel, que les couleurs dansent et se m\u00e9langent, le monde retrouve ses couleurs et de nouveaux chemins s\u2019ouvrent.<\/p>\n\n\n\n<p align=\"justify\">On raconte que les Sheyh, les plus sages et anciens Derviches, \u00e0 force de parcourir la Route, connaissent des passages qui ouvrent sur d\u2019autres mondes, qu\u2019ils connaissent les secrets des Djinns et parlent avec les Effrits. La danse des Sheyhs ouvrirait la porte des R\u00eaves et r\u00e9v\u00e8lerait la v\u00e9rit\u00e9.<\/p>\n\n\n\n<p align=\"justify\">Ceux qui bravent le danger pour leur soumettre une interrogation et soulever le Voile pourraient se voir inviter \u00e0 entrer \u00e0 leur risques et p\u00e9rils dans le cercle des Derviches dansant.<\/p>\n\n\n\n<p align=\"justify\">Votre confr\u00e9rie parcourt le pays soutenu par les principes de la Voie en ces temps de troubles. Vous vous astreignez \u00e0 respecter votre voeu d\u2019asc\u00e9tisme, et suivez les recommandations de votre Sheyh, le chef de votre confr\u00e9rie.<\/p>\n\n\n\n<p align=\"justify\">Celui ci a d\u00e9cid\u00e9 de quitter les ruines o\u00f9 vous avez pass\u00e9 l\u2019hiver et de se mettre en route, il y a de cela 3 lunes. Selon lui, la Voie vous appelle ailleurs, plus \u00e0 l\u2019Est. A travers sa Sam\u00e2, il vous guide vers un village en bord de mer. \u201cVoici le point d\u2019\u00e9quilibre, o\u00f9 nous danseront sur la Voie. Ici elle s&rsquo;ach\u00e8vera, ou trouvera un nouvel essor.\u201d<\/p>\n\n\n\n<p style=\"text-align:center\"><a rel=\"noreferrer noopener\" aria-label=\" (s\u2019ouvre dans un nouvel onglet)\" href=\"https:\/\/www.pinterest.fr\/gnduodecim\/le-dernier-comptoir-les-meldevi\/\" target=\"_blank\"><strong>Voir dans Pinterest<\/strong><\/a><\/p>\n\n\n<p>[fts_pinterest type=single_board_pins pinterest_name=gnduodecim board_id=le-dernier-comptoir-les-meldevi pins_count=15]<\/p>\n","protected":false},"excerpt":{"rendered":"<p>Votre ordre a \u00e9t\u00e9 cr\u00e9\u00e9 dans le plus grand secret il y a 6 si\u00e8cles au c\u0153ur du monde arabe. N\u2019\u00e9tant pas en totale ad\u00e9quation avec le dogme officiel, il est rest\u00e9 dans l\u2019ombre jusqu\u2019au XII\u00e8me si\u00e8cle , apr\u00e8s quoi votre ordre a enfin \u00e9t\u00e9 reconnu. &nbsp;Vous \u00eates ceux que<\/p>\n","protected":false},"author":1,"featured_media":0,"parent":0,"menu_order":0,"comment_status":"closed","ping_status":"closed","template":"","meta":[],"_links":{"self":[{"href":"https:\/\/duodecim.info\/grandeur_nature\/wp-json\/wp\/v2\/pages\/188"}],"collection":[{"href":"https:\/\/duodecim.info\/grandeur_nature\/wp-json\/wp\/v2\/pages"}],"about":[{"href":"https:\/\/duodecim.info\/grandeur_nature\/wp-json\/wp\/v2\/types\/page"}],"author":[{"embeddable":true,"href":"https:\/\/duodecim.info\/grandeur_nature\/wp-json\/wp\/v2\/users\/1"}],"replies":[{"embeddable":true,"href":"https:\/\/duodecim.info\/grandeur_nature\/wp-json\/wp\/v2\/comments?post=188"}],"version-history":[{"count":3,"href":"https:\/\/duodecim.info\/grandeur_nature\/wp-json\/wp\/v2\/pages\/188\/revisions"}],"predecessor-version":[{"id":193,"href":"https:\/\/duodecim.info\/grandeur_nature\/wp-json\/wp\/v2\/pages\/188\/revisions\/193"}],"wp:attachment":[{"href":"https:\/\/duodecim.info\/grandeur_nature\/wp-json\/wp\/v2\/media?parent=188"}],"curies":[{"name":"wp","href":"https:\/\/api.w.org\/{rel}","templated":true}]}}