{"id":175,"date":"2018-12-29T12:33:46","date_gmt":"2018-12-29T11:33:46","guid":{"rendered":"http:\/\/duodecim.info\/grandeur_nature\/?page_id=175"},"modified":"2019-01-08T18:57:58","modified_gmt":"2019-01-08T17:57:58","slug":"les-ravaudeurs","status":"publish","type":"page","link":"https:\/\/duodecim.info\/grandeur_nature\/les-ravaudeurs\/","title":{"rendered":"Les Ravaudeurs"},"content":{"rendered":"\n<p class=\"has-drop-cap\" align=\"justify\">D\u2019aussi loin que remonte l\u2019histoire de votre caravane et la transmission orale de son histoire, vous avez \u00e9t\u00e9 des voyageurs, bien avant m\u00eame la Grande Peste et le d\u00e9clin des grandes nations qui vous regardaient de haut et vous chassaient de leurs contr\u00e9es comme des nuisibles. La d\u00e9brouillardise et la survie nomade sont dans votre sang depuis plusieurs g\u00e9n\u00e9rations et vous \u00eates, aujourd\u2019hui, dans ce monde de mis\u00e8re, ceux qui s\u2019en sortent probablement le mieux. Parce que cela fait bien plus longtemps qu\u2019eux que vous survivez \u00e0 la marge. Vous n\u2019avez jamais poss\u00e9d\u00e9 grand chose, ni n\u2019aviez rien \u00e0 perdre et avez toujours \u00e9t\u00e9 sans attache.<\/p>\n\n\n\n<p align=\"justify\">D\u2019aussi loin que remonte votre histoire, vous avez toujours \u00e9t\u00e9 des gens joviaux et festifs. Il y a tr\u00e8s longtemps, cela participait de votre survie car distraire les petites gens apportait son lot de monnaie. Aujourd\u2019hui, cela participe plut\u00f4t \u00e0 votre \u00e9quilibre mental en ces temps obscurs o\u00f9 l\u2019ordre et la civilisation sont devenus extr\u00eamement rares. Et puis c\u2019est un moyen de vous transmettre vos histoires de fa\u00e7on agr\u00e9able alors m\u00eame que leurs origines et leurs sens premiers se sont perdus. <\/p>\n\n\n\n<p align=\"justify\">De toute fa\u00e7on, plus personne n\u2019a de monnaie \u00e0 distribuer \u00e0 des saltimbanques et rares sont les gens qui ont de l\u2019eau ou de la nourriture \u00e0 c\u00e9der contre quelques chants et danses.<\/p>\n\n\n\n<p align=\"justify\">D\u00e9sormais, ce sont vos talents de ravaudeurs qui vous assurent de quoi subvenir \u00e0 vos besoins. Dans un monde o\u00f9 les ressources brutes se sont rar\u00e9fi\u00e9es faute de main d\u2019oeuvre, le moindre objet se r\u00e9pare jusqu\u2019\u00e0 tomber en miette, et m\u00eame encore ces miettes l\u00e0 peuvent servir. Votre savoir reste rudimentaire mais couvre de vastes domaines. Nullement sp\u00e9cialis\u00e9s en quoi que ce soit, vous savez cependant les bases d\u2019un peu tout et n\u2019importe quoi, parfois m\u00eame des savoirs sans utilit\u00e9 aujourd\u2019hui.<\/p>\n\n\n\n<p align=\"justify\">\u00c0 travers le temps et les voyages, vous n\u2019avez rien perdu de vos habitudes de r\u00e9cup\u00e9rateurs, de votre habilet\u00e9 \u00e0 r\u00e9parer et transformer ainsi que votre absence d&rsquo;int\u00e9r\u00eat pour l\u2019opinion d\u2019autrui ou au fait de conformer \u00e0 un quelconque style. De fait, vos tenues sont par exemple un sacr\u00e9 bric \u00e0 brac bigarr\u00e9 mais sommes toute tr\u00e8s adapt\u00e9es aux voyages. Car sous vos airs insouciants, vous avez une forme de pragmatisme, m\u00eame ce qui \u00e0 l\u2019air superflu vous est utile.<\/p>\n\n\n\n<p align=\"justify\">M\u00eame vos quelques instruments de musique sont \u00e9tranges et sont des exemplaires uniques, patchworks improbables d\u2019anciens instruments \u00e9grenant aujourd\u2019hui des sons originaux. <\/p>\n\n\n\n<p align=\"justify\">Vous n\u2019avez cependant pas toujours bonne r\u00e9putation. Sur les routes et dans les maigres villages crois\u00e9s, persistent toujours les rumeurs de gens mal lotis et jaloux qui disent que vous \u00eates trop heureux et bien portants pour \u00eatre honn\u00eates, et que vous poss\u00e9dez bien des choses acquises non pas par glanage mais par vol des plus faibles.<\/p>\n\n\n\n<p align=\"justify\">D\u2019autres vont m\u00eame jusqu\u2019\u00e0 dire que vous avez fait quelque obscur pacte, parce que c\u2019est vraiment pas tr\u00e8s normal tout \u00e7a. Vous faites actuellement route vers un comptoir par lequel il semblerait qu\u2019une voie vers l\u2019Est soit ouverte. Il est plus que temps de changer d\u2019horizon.<\/p>\n\n\n\n<p style=\"text-align:center\"><a rel=\"noreferrer noopener\" aria-label=\" (s\u2019ouvre dans un nouvel onglet)\" href=\"https:\/\/www.pinterest.fr\/gnduodecim\/le-dernier-comptoir-les-ravaudeurs\/\" target=\"_blank\"><strong>Voir dans Pinterest<\/strong><\/a><\/p>\n\n\n<p>[fts_pinterest type=single_board_pins pinterest_name=gnduodecim board_id=le-dernier-comptoir-les-ravaudeurs pins_count=15]<\/p>\n","protected":false},"excerpt":{"rendered":"<p>D\u2019aussi loin que remonte l\u2019histoire de votre caravane et la transmission orale de son histoire, vous avez \u00e9t\u00e9 des voyageurs, bien avant m\u00eame la Grande Peste et le d\u00e9clin des grandes nations qui vous regardaient de haut et vous chassaient de leurs contr\u00e9es comme des nuisibles. La d\u00e9brouillardise et la<\/p>\n","protected":false},"author":1,"featured_media":0,"parent":0,"menu_order":0,"comment_status":"closed","ping_status":"closed","template":"","meta":[],"_links":{"self":[{"href":"https:\/\/duodecim.info\/grandeur_nature\/wp-json\/wp\/v2\/pages\/175"}],"collection":[{"href":"https:\/\/duodecim.info\/grandeur_nature\/wp-json\/wp\/v2\/pages"}],"about":[{"href":"https:\/\/duodecim.info\/grandeur_nature\/wp-json\/wp\/v2\/types\/page"}],"author":[{"embeddable":true,"href":"https:\/\/duodecim.info\/grandeur_nature\/wp-json\/wp\/v2\/users\/1"}],"replies":[{"embeddable":true,"href":"https:\/\/duodecim.info\/grandeur_nature\/wp-json\/wp\/v2\/comments?post=175"}],"version-history":[{"count":13,"href":"https:\/\/duodecim.info\/grandeur_nature\/wp-json\/wp\/v2\/pages\/175\/revisions"}],"predecessor-version":[{"id":194,"href":"https:\/\/duodecim.info\/grandeur_nature\/wp-json\/wp\/v2\/pages\/175\/revisions\/194"}],"wp:attachment":[{"href":"https:\/\/duodecim.info\/grandeur_nature\/wp-json\/wp\/v2\/media?parent=175"}],"curies":[{"name":"wp","href":"https:\/\/api.w.org\/{rel}","templated":true}]}}