{"id":1645,"date":"2025-04-04T19:40:50","date_gmt":"2025-04-04T17:40:50","guid":{"rendered":"https:\/\/duodecim.info\/grandeur_nature\/?page_id=1645"},"modified":"2025-04-04T19:40:50","modified_gmt":"2025-04-04T17:40:50","slug":"carte-du-monde","status":"publish","type":"page","link":"https:\/\/duodecim.info\/grandeur_nature\/carte-du-monde\/","title":{"rendered":"Carte du monde"},"content":{"rendered":"<p>R\u00e9alis\u00e9e par notre orga cartographe, Matthias !<\/p>\n<a href=\"https:\/\/duodecim.info\/grandeur_nature\/wp-content\/uploads\/2025\/04\/CARTE_Menvett-enluminee-finale.pdf\" class=\"pdfemb-viewer\" style=\"\" data-width=\"max\" data-height=\"max\"  data-toolbar=\"bottom\" data-toolbar-fixed=\"off\">Carte<br\/><\/a>\n<p style=\"text-align: right;\"><a href=\"https:\/\/duodecim.info\/grandeur_nature\/wp-content\/uploads\/2025\/04\/CARTE_Menvett-enluminee-finale.pdf\" target=\"_blank\" rel=\"noopener noreferrer\">T\u00e9l\u00e9chargement<\/a><\/p>\n","protected":false},"excerpt":{"rendered":"<p>R\u00e9alis\u00e9e par notre orga cartographe, Matthias ! T\u00e9l\u00e9chargement<\/p>\n","protected":false},"author":1,"featured_media":0,"parent":0,"menu_order":0,"comment_status":"closed","ping_status":"closed","template":"","meta":[],"_links":{"self":[{"href":"https:\/\/duodecim.info\/grandeur_nature\/wp-json\/wp\/v2\/pages\/1645"}],"collection":[{"href":"https:\/\/duodecim.info\/grandeur_nature\/wp-json\/wp\/v2\/pages"}],"about":[{"href":"https:\/\/duodecim.info\/grandeur_nature\/wp-json\/wp\/v2\/types\/page"}],"author":[{"embeddable":true,"href":"https:\/\/duodecim.info\/grandeur_nature\/wp-json\/wp\/v2\/users\/1"}],"replies":[{"embeddable":true,"href":"https:\/\/duodecim.info\/grandeur_nature\/wp-json\/wp\/v2\/comments?post=1645"}],"version-history":[{"count":1,"href":"https:\/\/duodecim.info\/grandeur_nature\/wp-json\/wp\/v2\/pages\/1645\/revisions"}],"predecessor-version":[{"id":1646,"href":"https:\/\/duodecim.info\/grandeur_nature\/wp-json\/wp\/v2\/pages\/1645\/revisions\/1646"}],"wp:attachment":[{"href":"https:\/\/duodecim.info\/grandeur_nature\/wp-json\/wp\/v2\/media?parent=1645"}],"curies":[{"name":"wp","href":"https:\/\/api.w.org\/{rel}","templated":true}]}}