{"id":1628,"date":"2025-04-04T19:16:47","date_gmt":"2025-04-04T17:16:47","guid":{"rendered":"https:\/\/duodecim.info\/grandeur_nature\/?page_id=1628"},"modified":"2025-04-04T19:16:47","modified_gmt":"2025-04-04T17:16:47","slug":"les-factions","status":"publish","type":"page","link":"https:\/\/duodecim.info\/grandeur_nature\/les-factions\/","title":{"rendered":"Les Factions"},"content":{"rendered":"<p style=\"text-align: left;\"><a href=\"https:\/\/duodecim.info\/grandeur_nature\/wp-content\/uploads\/2025\/04\/Domaine-imperial.pdf\" class=\"pdfemb-viewer\" style=\"\" data-width=\"max\" data-height=\"max\"  data-toolbar=\"bottom\" data-toolbar-fixed=\"off\">Domaine Imp\u00e9rial<br\/><\/a><\/p>\n<p style=\"text-align: right;\"><a href=\"https:\/\/duodecim.info\/grandeur_nature\/wp-content\/uploads\/2025\/04\/Domaine-imperial.pdf\" target=\"_blank\" rel=\"noopener noreferrer\">T\u00e9l\u00e9chargement Domaine Imp\u00e9rial<\/a><\/p>\n<hr \/>\n<p style=\"text-align: left;\"><a href=\"https:\/\/duodecim.info\/grandeur_nature\/wp-content\/uploads\/2025\/04\/La-confededration-du-Haut-Cinabre.pdf\" class=\"pdfemb-viewer\" style=\"\" data-width=\"max\" data-height=\"max\"  data-toolbar=\"bottom\" data-toolbar-fixed=\"off\">Conf\u00e9d\u00e9ration du Haut Cinabre<br\/><\/a><\/p>\n<p style=\"text-align: right;\"><a href=\"https:\/\/duodecim.info\/grandeur_nature\/wp-content\/uploads\/2025\/04\/La-confededration-du-Haut-Cinabre.pdf\" target=\"_blank\" rel=\"noopener noreferrer\">T\u00e9l\u00e9chargement Conf\u00e9d\u00e9ration du Haut Cinabre<\/a><\/p>\n<hr \/>\n<p style=\"text-align: left;\"><a href=\"https:\/\/duodecim.info\/grandeur_nature\/wp-content\/uploads\/2025\/04\/La-ligue-de-Porphyre.pdf\" class=\"pdfemb-viewer\" style=\"\" data-width=\"max\" data-height=\"max\"  data-toolbar=\"bottom\" data-toolbar-fixed=\"off\">Ligue de Porphyre<br\/><\/a><\/p>\n<p style=\"text-align: right;\"><a href=\"https:\/\/duodecim.info\/grandeur_nature\/wp-content\/uploads\/2025\/04\/La-ligue-de-Porphyre.pdf\" target=\"_blank\" rel=\"noopener noreferrer\">T\u00e9l\u00e9chargement Ligue de Porphyre<\/a><\/p>\n<hr \/>\n<p style=\"text-align: left;\"><a href=\"https:\/\/duodecim.info\/grandeur_nature\/wp-content\/uploads\/2025\/04\/Le-prieure-de-Vermeil.pdf\" class=\"pdfemb-viewer\" style=\"\" data-width=\"max\" data-height=\"max\"  data-toolbar=\"bottom\" data-toolbar-fixed=\"off\">Prieur\u00e9 de Vermeil<br\/><\/a><\/p>\n<p style=\"text-align: right;\"><a href=\"https:\/\/duodecim.info\/grandeur_nature\/wp-content\/uploads\/2025\/04\/Le-prieure-de-Vermeil.pdf\" target=\"_blank\" rel=\"noopener noreferrer\">T\u00e9l\u00e9chargement Prieur\u00e9 de Vermeil<\/a><\/p>\n<hr \/>\n<p style=\"text-align: left;\"><a href=\"https:\/\/duodecim.info\/grandeur_nature\/wp-content\/uploads\/2025\/04\/Le-Protectorat-Amarante.pdf\" class=\"pdfemb-viewer\" style=\"\" data-width=\"max\" data-height=\"max\"  data-toolbar=\"bottom\" data-toolbar-fixed=\"off\">Protectorat Amarante<br\/><\/a><\/p>\n<p style=\"text-align: right;\"><a href=\"https:\/\/duodecim.info\/grandeur_nature\/wp-content\/uploads\/2025\/04\/Le-Protectorat-Amarante.pdf\" target=\"_blank\" rel=\"noopener noreferrer\">T\u00e9l\u00e9chargement Protectorat Amarante<\/a><\/p>\n","protected":false},"excerpt":{"rendered":"<p>T\u00e9l\u00e9chargement Domaine Imp\u00e9rial T\u00e9l\u00e9chargement Conf\u00e9d\u00e9ration du Haut Cinabre T\u00e9l\u00e9chargement Ligue de Porphyre T\u00e9l\u00e9chargement Prieur\u00e9 de Vermeil T\u00e9l\u00e9chargement Protectorat Amarante<\/p>\n","protected":false},"author":1,"featured_media":0,"parent":0,"menu_order":0,"comment_status":"closed","ping_status":"closed","template":"","meta":[],"_links":{"self":[{"href":"https:\/\/duodecim.info\/grandeur_nature\/wp-json\/wp\/v2\/pages\/1628"}],"collection":[{"href":"https:\/\/duodecim.info\/grandeur_nature\/wp-json\/wp\/v2\/pages"}],"about":[{"href":"https:\/\/duodecim.info\/grandeur_nature\/wp-json\/wp\/v2\/types\/page"}],"author":[{"embeddable":true,"href":"https:\/\/duodecim.info\/grandeur_nature\/wp-json\/wp\/v2\/users\/1"}],"replies":[{"embeddable":true,"href":"https:\/\/duodecim.info\/grandeur_nature\/wp-json\/wp\/v2\/comments?post=1628"}],"version-history":[{"count":3,"href":"https:\/\/duodecim.info\/grandeur_nature\/wp-json\/wp\/v2\/pages\/1628\/revisions"}],"predecessor-version":[{"id":1631,"href":"https:\/\/duodecim.info\/grandeur_nature\/wp-json\/wp\/v2\/pages\/1628\/revisions\/1631"}],"wp:attachment":[{"href":"https:\/\/duodecim.info\/grandeur_nature\/wp-json\/wp\/v2\/media?parent=1628"}],"curies":[{"name":"wp","href":"https:\/\/api.w.org\/{rel}","templated":true}]}}