{"id":1589,"date":"2024-07-24T11:08:35","date_gmt":"2024-07-24T09:08:35","guid":{"rendered":"https:\/\/duodecim.info\/grandeur_nature\/?page_id=1589"},"modified":"2025-04-04T19:22:25","modified_gmt":"2025-04-04T17:22:25","slug":"infos-pratiques","status":"publish","type":"page","link":"https:\/\/duodecim.info\/grandeur_nature\/infos-pratiques\/","title":{"rendered":"Infos pratiques &#8211; DDCM3"},"content":{"rendered":"<a href=\"https:\/\/duodecim.info\/grandeur_nature\/wp-content\/uploads\/2024\/07\/Informations-pratiques.pdf\" class=\"pdfemb-viewer\" style=\"\" data-width=\"max\" data-height=\"max\"  data-toolbar=\"bottom\" data-toolbar-fixed=\"off\">Informations pratiques<br\/><\/a>\n<p style=\"text-align: right;\"><a href=\"https:\/\/duodecim.info\/grandeur_nature\/wp-content\/uploads\/2024\/07\/Informations-pratiques.pdf\" target=\"_blank\" rel=\"noopener noreferrer\">T\u00e9l\u00e9chargement<\/a><\/p>\n<hr \/>\n<a href=\"https:\/\/duodecim.info\/grandeur_nature\/wp-content\/uploads\/2025\/04\/General-NB-Organisation-et-logistique.pdf\" class=\"pdfemb-viewer\" style=\"\" data-width=\"max\" data-height=\"max\"  data-toolbar=\"bottom\" data-toolbar-fixed=\"off\">Organisation et Logistique<br\/><\/a>\n<p style=\"text-align: right;\"><a href=\"https:\/\/duodecim.info\/grandeur_nature\/wp-content\/uploads\/2025\/04\/General-NB-Organisation-et-logistique.pdf\" target=\"_blank\" rel=\"noopener noreferrer\">T\u00e9l\u00e9chargement<\/a><\/p>\n","protected":false},"excerpt":{"rendered":"<p>T\u00e9l\u00e9chargement T\u00e9l\u00e9chargement<\/p>\n","protected":false},"author":1,"featured_media":0,"parent":0,"menu_order":0,"comment_status":"closed","ping_status":"closed","template":"","meta":[],"_links":{"self":[{"href":"https:\/\/duodecim.info\/grandeur_nature\/wp-json\/wp\/v2\/pages\/1589"}],"collection":[{"href":"https:\/\/duodecim.info\/grandeur_nature\/wp-json\/wp\/v2\/pages"}],"about":[{"href":"https:\/\/duodecim.info\/grandeur_nature\/wp-json\/wp\/v2\/types\/page"}],"author":[{"embeddable":true,"href":"https:\/\/duodecim.info\/grandeur_nature\/wp-json\/wp\/v2\/users\/1"}],"replies":[{"embeddable":true,"href":"https:\/\/duodecim.info\/grandeur_nature\/wp-json\/wp\/v2\/comments?post=1589"}],"version-history":[{"count":4,"href":"https:\/\/duodecim.info\/grandeur_nature\/wp-json\/wp\/v2\/pages\/1589\/revisions"}],"predecessor-version":[{"id":1639,"href":"https:\/\/duodecim.info\/grandeur_nature\/wp-json\/wp\/v2\/pages\/1589\/revisions\/1639"}],"wp:attachment":[{"href":"https:\/\/duodecim.info\/grandeur_nature\/wp-json\/wp\/v2\/media?parent=1589"}],"curies":[{"name":"wp","href":"https:\/\/api.w.org\/{rel}","templated":true}]}}